{"id":24,"date":"2024-10-01T11:59:12","date_gmt":"2024-10-01T11:59:12","guid":{"rendered":"https:\/\/grupovivid.es\/aviso-legal\/"},"modified":"2025-11-11T12:55:23","modified_gmt":"2025-11-11T11:55:23","slug":"aviso-legal","status":"publish","type":"page","link":"https:\/\/anerplast.com\/de\/aviso-legal\/","title":{"rendered":"Rechtlicher Hinweis"},"content":{"rendered":"<style>.elementor-24 .elementor-element.elementor-element-473cc282{--display:flex;--min-height:266px;--flex-direction:row;--container-widget-width:calc( ( 1 - var( --container-widget-flex-grow ) ) * 100% );--container-widget-height:100%;--container-widget-flex-grow:1;--container-widget-align-self:stretch;--flex-wrap-mobile:wrap;--align-items:stretch;--gap:10px 10px;--row-gap:10px;--column-gap:10px;--overlay-opacity:0.8;--padding-top:0em;--padding-bottom:0em;--padding-left:0em;--padding-right:0em;}.elementor-24 .elementor-element.elementor-element-473cc282:not(.elementor-motion-effects-element-type-background), .elementor-24 .elementor-element.elementor-element-473cc282 > .elementor-motion-effects-container > .elementor-motion-effects-layer{background-color:var( --e-global-color-primary );}.elementor-24 .elementor-element.elementor-element-473cc282::before, .elementor-24 .elementor-element.elementor-element-473cc282 > .elementor-background-video-container::before, .elementor-24 .elementor-element.elementor-element-473cc282 > .e-con-inner > .elementor-background-video-container::before, .elementor-24 .elementor-element.elementor-element-473cc282 > .elementor-background-slideshow::before, .elementor-24 .elementor-element.elementor-element-473cc282 > .e-con-inner > .elementor-background-slideshow::before, .elementor-24 .elementor-element.elementor-element-473cc282 > .elementor-motion-effects-container > .elementor-motion-effects-layer::before{--background-overlay:'';}.elementor-24 .elementor-element.elementor-element-1c95e500{--display:flex;--flex-direction:row;--container-widget-width:calc( ( 1 - var( --container-widget-flex-grow ) ) * 100% );--container-widget-height:100%;--container-widget-flex-grow:1;--container-widget-align-self:stretch;--flex-wrap-mobile:wrap;--justify-content:space-between;--align-items:center;--flex-wrap:wrap;--padding-top:7em;--padding-bottom:7em;--padding-left:0em;--padding-right:0em;}.elementor-24 .elementor-element.elementor-element-3cc827f2{width:100%;max-width:100%;text-align:left;}.elementor-24 .elementor-element.elementor-element-3cc827f2 .elementor-heading-title{color:#FFFFFF;}.elementor-24 .elementor-element.elementor-element-6346ee8{--display:flex;--padding-top:4em;--padding-bottom:04em;--padding-left:2em;--padding-right:2em;}:root{--page-title-display:none;}@media(max-width:1024px){.elementor-24 .elementor-element.elementor-element-473cc282{--min-height:186px;--padding-top:0px;--padding-bottom:0px;--padding-left:30px;--padding-right:30px;}.elementor-24 .elementor-element.elementor-element-1c95e500{--padding-top:5em;--padding-bottom:5em;--padding-left:0em;--padding-right:0em;}}@media(max-width:767px){.elementor-24 .elementor-element.elementor-element-473cc282{--min-height:138px;--justify-content:center;--margin-top:0em;--margin-bottom:0em;--margin-left:0em;--margin-right:0em;--padding-top:0em;--padding-bottom:0em;--padding-left:0em;--padding-right:0em;}.elementor-24 .elementor-element.elementor-element-1c95e500{--flex-direction:column;--container-widget-width:100%;--container-widget-height:initial;--container-widget-flex-grow:0;--container-widget-align-self:initial;--flex-wrap-mobile:wrap;--justify-content:center;--padding-top:3em;--padding-bottom:3em;--padding-left:1em;--padding-right:1em;}.elementor-24 .elementor-element.elementor-element-3cc827f2{text-align:center;}}<\/style>\t\t<div data-elementor-type=\"wp-page\" data-elementor-id=\"24\" class=\"elementor elementor-24\" data-elementor-post-type=\"page\">\n\t\t\t\t<div class=\"elementor-element elementor-element-473cc282 e-flex e-con-boxed e-con e-parent\" data-id=\"473cc282\" data-element_type=\"container\" data-settings=\"{&quot;background_background&quot;:&quot;classic&quot;}\">\n\t\t\t\t\t<div class=\"e-con-inner\">\n\t\t<div class=\"elementor-element elementor-element-1c95e500 e-con-full e-flex e-con e-child\" data-id=\"1c95e500\" data-element_type=\"container\">\n\t\t\t\t<div class=\"elementor-element elementor-element-3cc827f2 elementor-widget__width-inherit elementor-widget elementor-widget-heading\" data-id=\"3cc827f2\" data-element_type=\"widget\" data-widget_type=\"heading.default\">\n\t\t\t\t<div class=\"elementor-widget-container\">\n\t\t\t\t\t<h1 class=\"elementor-heading-title elementor-size-default\">Rechtlicher Hinweis<\/h1>\t\t\t\t<\/div>\n\t\t\t\t<\/div>\n\t\t\t\t<\/div>\n\t\t\t\t\t<\/div>\n\t\t\t\t<\/div>\n\t\t<div class=\"elementor-element elementor-element-6346ee8 e-flex e-con-boxed e-con e-parent\" data-id=\"6346ee8\" data-element_type=\"container\">\n\t\t\t\t\t<div class=\"e-con-inner\">\n\t\t\t\t<div class=\"elementor-element elementor-element-3a18116f elementor-widget elementor-widget-text-editor\" data-id=\"3a18116f\" data-element_type=\"widget\" data-widget_type=\"text-editor.default\">\n\t\t\t\t<div class=\"elementor-widget-container\">\n\t\t\t\t\t\t\t\t\t<h2 class=\"wp-block-heading\">Datenverantwortlicher<\/h2>\n<p>In \u00dcbereinstimmung mit der Informationspflicht gem\u00e4\u00df Gesetz 34\/2002 vom 11. Juli \u00fcber Dienste der Informationsgesellschaft und elektronischen Handel teilen wir Ihnen mit, dass diese Website Eigentum von:<\/p>\n<ul>\n<li>Unternehmen: ANERPLAST, SL<\/li>\n<li>Name: Ana Giralt Hern\u00e1ndez mit NIF B61164356<\/li>\n<li>Adresse: Carrer Duran i Reynals, 3<br>Postleitzahl und Einwohnerzahl: 08403 Granollers, Barcelona<b><br><\/b><\/li>\n<li>Telefon: <a href=\"http:\/\/tel:938496250\">938496250<\/a><\/li>\n<li>E-Mail: <a href=\"mailto:anerplast@hotmail.com\">anerplast@hotmail.com<\/a><\/li>\n<\/ul>\n<h2 class=\"wp-block-heading\">Objekt<\/h2>\n<p>Der Verantwortliche stellt dieses Dokument Benutzern zur Verf\u00fcgung, mit denen er die Bestimmungen der geltenden Datenschutzbestimmungen und im Rahmen des neuen Rechtsrahmens einhalten m\u00f6chte, der aufgrund der Bestimmungen der Verordnung (EU) 2016\/679 geschaffen wurde des Europ\u00e4ischen Parlaments und des Rates vom 27. April 2016 zum Schutz nat\u00fcrlicher Personen bei der Verarbeitung personenbezogener Daten und zum freien Verkehr dieser Daten (im Folgenden \u201eDSGVO\u201c) sowie nationale Vorschriften zum Schutz personenbezogener Daten sowie Information aller Nutzer der Website \u00fcber die Nutzungsbedingungen der Website. Jede Person, die auf diese Website zugreift, \u00fcbernimmt die Rolle des Benutzers und verpflichtet sich zur strikten Einhaltung und Einhaltung der hier dargelegten Bestimmungen sowie aller anderen m\u00f6glicherweise anwendbaren gesetzlichen Bestimmungen. Der Verantwortliche beh\u00e4lt sich das Recht vor, jegliche Art von Informationen, die auf der Website erscheinen, zu \u00e4ndern, ohne dass eine Verpflichtung besteht, die Benutzer \u00fcber diese Verpflichtungen zu informieren oder zu informieren, wobei die Ver\u00f6ffentlichung auf der Website des Verantwortlichen als ausreichend angesehen wird.<\/p>\n<h2 class=\"wp-block-heading\">Verantwortung<\/h2>\n<p>Der Verantwortliche ist von jeglicher Verantwortung befreit, die sich aus den auf seiner Website ver\u00f6ffentlichten Informationen ergibt, sofern diese Informationen von einem Dritten manipuliert oder eingef\u00fchrt wurden, der nichts mit ihm zu tun hat.<\/p>\n<h2 class=\"wp-block-heading\">IP-Adressen<\/h2>\n<p>Die Webserver k\u00f6nnen die IP-Adresse und den Domainnamen des Nutzers automatisch erkennen. Eine IP-Adresse ist eine Nummer, die einem Computer automatisch zugewiesen wird, sobald er sich mit dem Internet verbindet. Alle diese Informationen werden in einem ordnungsgem\u00e4\u00df gef\u00fchrten Server-Aktivit\u00e4tsprotokoll gespeichert. Dies erm\u00f6glicht die anschlie\u00dfende Datenverarbeitung zur Gewinnung rein statistischer Kennzahlen, wie beispielsweise Seitenaufrufe, Besuche auf den Webservern, die Reihenfolge der Besuche, den Zugriffspunkt usw.<\/p>\n<h2 class=\"wp-block-heading\">Linkrichtlinie<\/h2>\n<p>Von dieser Website aus k\u00f6nnen Sie auf Inhalte von Websites Dritter weitergeleitet werden. Da der Verantwortliche f\u00fcr die Datenverarbeitung die von Dritten auf ihren Websites ver\u00f6ffentlichten Inhalte nicht immer kontrollieren kann, \u00fcbernimmt er keine Verantwortung f\u00fcr diese Inhalte. Der Verantwortliche f\u00fcr die Datenverarbeitung erkl\u00e4rt jedoch, dass er in jedem Fall Inhalte, die gegen nationales oder internationales Recht, die guten Sitten oder die \u00f6ffentliche Ordnung versto\u00dfen, unverz\u00fcglich entfernen und die Weiterleitung zu dieser Website umgehend unterbinden wird. Der betreffende Inhalt wird den zust\u00e4ndigen Beh\u00f6rden gemeldet. Der Verantwortliche f\u00fcr die Datenverarbeitung ist nicht verantwortlich f\u00fcr gespeicherte Informationen und Inhalte, insbesondere nicht f\u00fcr Foren, Chats, Blog-Generatoren, Kommentare, soziale Netzwerke oder sonstige Medien, die es Dritten erm\u00f6glichen, selbstst\u00e4ndig Inhalte auf der Website des Verantwortlichen f\u00fcr die Datenverarbeitung zu ver\u00f6ffentlichen. In \u00dcbereinstimmung mit Artikel 16 des Gesetzes 34\/2002 vom 11. Juli \u00fcber Dienste der Informationsgesellschaft und des elektronischen Gesch\u00e4ftsverkehrs (LSSI-CE) wird der Verantwortliche f\u00fcr die Datenverarbeitung jedoch alle Inhalte, die rechtswidrig sind oder die Rechte Dritter verletzen, entfernen oder den Zugriff darauf sperren, sobald er davon Kenntnis erlangt. Gem\u00e4\u00df Artikel 11 und 16 des spanischen Gesetzes \u00fcber Dienste der Informationsgesellschaft und des elektronischen Gesch\u00e4ftsverkehrs (LSSICE) stellt sich der Verantwortliche f\u00fcr die Datenverarbeitung allen Nutzern, Beh\u00f6rden und Strafverfolgungsbeh\u00f6rden zur Verf\u00fcgung und arbeitet aktiv an der Entfernung oder gegebenenfalls Sperrung von Inhalten mit, die gegen nationale oder internationale Gesetze, Rechte Dritter oder die \u00f6ffentliche Moral und Ordnung versto\u00dfen. Sollte ein Nutzer der Ansicht sein, dass Inhalte auf der Website in diese Kategorie fallen, wird er gebeten, sich an den Verantwortlichen f\u00fcr die Datenverarbeitung zu wenden. Diese Website wurde gepr\u00fcft und getestet, um ihre ordnungsgem\u00e4\u00dfe Funktion zu gew\u00e4hrleisten. Grunds\u00e4tzlich kann ihr korrekter Betrieb 24 Stunden am Tag, 365 Tage im Jahr sichergestellt werden. Der Verantwortliche f\u00fcr die Datenverarbeitung schlie\u00dft jedoch Programmierfehler oder Ereignisse h\u00f6herer Gewalt, wie Naturkatastrophen, Streiks oder \u00e4hnliche Umst\u00e4nde, die den Zugriff auf die Website verhindern k\u00f6nnen, nicht aus.<\/p>\n<h2 class=\"wp-block-heading\">Datenschutz<\/h2>\n<p>Der Verantwortliche ist der Einhaltung der Bestimmungen der geltenden Datenschutzvorschriften sowie des neuen Rechtsrahmens verpflichtet, der durch die Bestimmungen der Verordnung (EU) 2016\/679 des Europ\u00e4ischen Parlaments und des Rates vom 27. Dezember 2016 geschaffen wurde April 2016 zum Schutz nat\u00fcrlicher Personen bei der Verarbeitung personenbezogener Daten und zum freien Datenverkehr (im Folgenden \u201eDSGVO\u201c) sowie nationale Vorschriften zum Datenschutz personenbezogener Daten. Ebenso informiert der Verantwortliche dar\u00fcber, dass er das Gesetz 34\/2002 vom 11. Juli \u00fcber Dienste der Informationsgesellschaft und den elektronischen Handel einh\u00e4lt und wird jederzeit Ihre Zustimmung zur Verarbeitung Ihrer Daten f\u00fcr kommerzielle Zwecke einholen.<\/p>\n<h2 class=\"wp-block-heading\">Geistiges und gewerbliches Eigentum<\/h2>\n<p>Die Website, einschlie\u00dflich, aber nicht beschr\u00e4nkt auf ihre Programmierung, Bearbeitung, Zusammenstellung und andere f\u00fcr ihren Betrieb erforderliche Elemente, die Designs, Logos, Texte und\/oder Grafiken sind Eigentum des Verantwortlichen oder verf\u00fcgen gegebenenfalls \u00fcber eine Lizenz oder ausdr\u00fcckliche Genehmigung von Teil der Autoren. Alle Inhalte der Website sind ordnungsgem\u00e4\u00df durch die Vorschriften zum geistigen und gewerblichen Eigentum gesch\u00fctzt. Unabh\u00e4ngig vom Zweck, f\u00fcr den sie bestimmt waren, bedarf die vollst\u00e4ndige oder teilweise Vervielf\u00e4ltigung, Nutzung, Verwertung, Verbreitung und Vermarktung in jedem Fall der vorherigen schriftlichen Genehmigung des Verantwortlichen. Jede Verwendung, die nicht zuvor von der verantwortlichen Person genehmigt wurde, wird als schwerwiegende Verletzung der geistigen oder gewerblichen Eigentumsrechte des Autors angesehen. Die Designs, Logos, Texte und\/oder Grafiken, die nicht vom Leihgeber stammen und auf der Website erscheinen k\u00f6nnen, geh\u00f6ren ihren jeweiligen Eigent\u00fcmern, die selbst f\u00fcr etwaige Kontroversen verantwortlich sind, die in Bezug auf sie entstehen k\u00f6nnen. In jedem Fall verf\u00fcgt der Verantwortliche \u00fcber die ausdr\u00fcckliche und vorherige Genehmigung von ihm. Der Verantwortliche gestattet Dritten ausdr\u00fccklich, direkt auf die spezifischen Inhalte der Website umzuleiten, und muss in jedem Fall auf die Hauptseite der Website des Verantwortlichen weiterleiten. Der Verantwortliche erkennt die entsprechenden geistigen und gewerblichen Eigentumsrechte zugunsten ihrer Eigent\u00fcmer an, und ihre blo\u00dfe Erw\u00e4hnung oder ihr Erscheinen auf der Website impliziert nicht das Bestehen von Rechten oder Verantwortung des Verantwortlichen an ihnen, noch impliziert dies eine Unterst\u00fctzung, ein Sponsoring oder eine Empfehlung daf\u00fcr ihr Teil. F\u00fcr alle Bilder, bei denen die Gestaltungssoftware dies zul\u00e4sst, sind die entsprechenden Hinweise auf die Urheberschaft und die entsprechende Lizenz eingef\u00fcgt. Um etwaige Verst\u00f6\u00dfe gegen geistige oder gewerbliche Eigentumsrechte sowie Inhalte der Website zu bemerken, k\u00f6nnen Sie dies \u00fcber die folgende E-Mail-Adresse tun: <a href=\"mailto:anerplast@hotmail.com\">anerplast@hotmail.com<\/a><\/p>\t\t\t\t\t\t\t\t<\/div>\n\t\t\t\t<\/div>\n\t\t\t\t\t<\/div>\n\t\t\t\t<\/div>\n\t\t\t\t<\/div>","protected":false},"excerpt":{"rendered":"<p>Verantwortlicher f\u00fcr die Datenverarbeitung Gem\u00e4\u00df der Informationspflicht nach Gesetz 34\/2002 vom 11. Juli \u00fcber Dienste der Informationsgesellschaft und des elektronischen Gesch\u00e4ftsverkehrs informieren wir Sie dar\u00fcber, dass diese Website Eigentum der folgenden Firma ist: ANERPLAST, SL, Ansprechpartnerin: Ana Giralt Hern\u00e1ndez, Steuernummer (NIF) B61164356, Adresse: Carrer Duran [\u2026]<\/p>","protected":false},"author":1,"featured_media":0,"parent":0,"menu_order":0,"comment_status":"closed","ping_status":"closed","template":"","meta":{"footnotes":""},"class_list":["post-24","page","type-page","status-publish","hentry"],"yoast_head":"<!-- This site is optimized with the Yoast SEO plugin v26.2 - https:\/\/yoast.com\/wordpress\/plugins\/seo\/ -->\n<title>Aviso legal - Anerplast<\/title>\n<meta name=\"robots\" content=\"index, follow, max-snippet:-1, max-image-preview:large, max-video-preview:-1\" \/>\n<link rel=\"canonical\" href=\"https:\/\/anerplast.com\/de\/aviso-legal\/\" \/>\n<meta property=\"og:locale\" content=\"de_DE\" \/>\n<meta property=\"og:type\" content=\"article\" \/>\n<meta property=\"og:title\" content=\"Aviso legal - Anerplast\" \/>\n<meta property=\"og:description\" content=\"Responsable del tratamiento de los datos En cumplimiento del deber de informaci\u00f3n que establece la Ley La 34\/2002, de 11 de julio, de Servicios de la Sociedad de la Informaci\u00f3n y del Comercio Electr\u00f3nico, le comunicamos que esta web es titularidad de: Empresa: ANERPLAST, SL Nombre: Ana Giralt Hern\u00e1ndez con NIF B61164356 Direcci\u00f3n: Carrer Duran [&hellip;]\" \/>\n<meta property=\"og:url\" content=\"https:\/\/anerplast.com\/de\/aviso-legal\/\" \/>\n<meta property=\"og:site_name\" content=\"Anerplast\" \/>\n<meta property=\"article:modified_time\" content=\"2025-11-11T11:55:23+00:00\" \/>\n<meta name=\"twitter:card\" content=\"summary_large_image\" \/>\n<meta name=\"twitter:label1\" content=\"Gesch\u00e4tzte Lesezeit\" \/>\n\t<meta name=\"twitter:data1\" content=\"6\u00a0Minuten\" \/>\n<script type=\"application\/ld+json\" class=\"yoast-schema-graph\">{\"@context\":\"https:\/\/schema.org\",\"@graph\":[{\"@type\":\"WebPage\",\"@id\":\"https:\/\/anerplast.com\/aviso-legal\/\",\"url\":\"https:\/\/anerplast.com\/aviso-legal\/\",\"name\":\"Aviso legal - Anerplast\",\"isPartOf\":{\"@id\":\"https:\/\/anerplast.com\/#website\"},\"datePublished\":\"2024-10-01T11:59:12+00:00\",\"dateModified\":\"2025-11-11T11:55:23+00:00\",\"breadcrumb\":{\"@id\":\"https:\/\/anerplast.com\/aviso-legal\/#breadcrumb\"},\"inLanguage\":\"de\",\"potentialAction\":[{\"@type\":\"ReadAction\",\"target\":[\"https:\/\/anerplast.com\/aviso-legal\/\"]}]},{\"@type\":\"BreadcrumbList\",\"@id\":\"https:\/\/anerplast.com\/aviso-legal\/#breadcrumb\",\"itemListElement\":[{\"@type\":\"ListItem\",\"position\":1,\"name\":\"Portada\",\"item\":\"https:\/\/anerplast.com\/\"},{\"@type\":\"ListItem\",\"position\":2,\"name\":\"Aviso legal\"}]},{\"@type\":\"WebSite\",\"@id\":\"https:\/\/anerplast.com\/#website\",\"url\":\"https:\/\/anerplast.com\/\",\"name\":\"Davinder\",\"description\":\"\",\"publisher\":{\"@id\":\"https:\/\/anerplast.com\/#organization\"},\"potentialAction\":[{\"@type\":\"SearchAction\",\"target\":{\"@type\":\"EntryPoint\",\"urlTemplate\":\"https:\/\/anerplast.com\/?s={search_term_string}\"},\"query-input\":{\"@type\":\"PropertyValueSpecification\",\"valueRequired\":true,\"valueName\":\"search_term_string\"}}],\"inLanguage\":\"de\"},{\"@type\":\"Organization\",\"@id\":\"https:\/\/anerplast.com\/#organization\",\"name\":\"Davinder\",\"url\":\"https:\/\/anerplast.com\/\",\"logo\":{\"@type\":\"ImageObject\",\"inLanguage\":\"de\",\"@id\":\"https:\/\/anerplast.com\/#\/schema\/logo\/image\/\",\"url\":\"https:\/\/anerplast.com\/wp-content\/uploads\/2024\/10\/cropped-1.png\",\"contentUrl\":\"https:\/\/anerplast.com\/wp-content\/uploads\/2024\/10\/cropped-1.png\",\"width\":1004,\"height\":440,\"caption\":\"Davinder\"},\"image\":{\"@id\":\"https:\/\/anerplast.com\/#\/schema\/logo\/image\/\"}}]}<\/script>\n<!-- \/ Yoast SEO plugin. -->","yoast_head_json":{"title":"Rechtlicher Hinweis \u2013 Anerplast","robots":{"index":"index","follow":"follow","max-snippet":"max-snippet:-1","max-image-preview":"max-image-preview:large","max-video-preview":"max-video-preview:-1"},"canonical":"https:\/\/anerplast.com\/de\/aviso-legal\/","og_locale":"de_DE","og_type":"article","og_title":"Aviso legal - Anerplast","og_description":"Responsable del tratamiento de los datos En cumplimiento del deber de informaci\u00f3n que establece la Ley La 34\/2002, de 11 de julio, de Servicios de la Sociedad de la Informaci\u00f3n y del Comercio Electr\u00f3nico, le comunicamos que esta web es titularidad de: Empresa: ANERPLAST, SL Nombre: Ana Giralt Hern\u00e1ndez con NIF B61164356 Direcci\u00f3n: Carrer Duran [&hellip;]","og_url":"https:\/\/anerplast.com\/de\/aviso-legal\/","og_site_name":"Anerplast","article_modified_time":"2025-11-11T11:55:23+00:00","twitter_card":"summary_large_image","twitter_misc":{"Gesch\u00e4tzte Lesezeit":"6\u00a0Minuten"},"schema":{"@context":"https:\/\/schema.org","@graph":[{"@type":"WebPage","@id":"https:\/\/anerplast.com\/aviso-legal\/","url":"https:\/\/anerplast.com\/aviso-legal\/","name":"Rechtlicher Hinweis \u2013 Anerplast","isPartOf":{"@id":"https:\/\/anerplast.com\/#website"},"datePublished":"2024-10-01T11:59:12+00:00","dateModified":"2025-11-11T11:55:23+00:00","breadcrumb":{"@id":"https:\/\/anerplast.com\/aviso-legal\/#breadcrumb"},"inLanguage":"de","potentialAction":[{"@type":"ReadAction","target":["https:\/\/anerplast.com\/aviso-legal\/"]}]},{"@type":"BreadcrumbList","@id":"https:\/\/anerplast.com\/aviso-legal\/#breadcrumb","itemListElement":[{"@type":"ListItem","position":1,"name":"Portada","item":"https:\/\/anerplast.com\/"},{"@type":"ListItem","position":2,"name":"Aviso legal"}]},{"@type":"WebSite","@id":"https:\/\/anerplast.com\/#website","url":"https:\/\/anerplast.com\/","name":"David","description":"","publisher":{"@id":"https:\/\/anerplast.com\/#organization"},"potentialAction":[{"@type":"SearchAction","target":{"@type":"EntryPoint","urlTemplate":"https:\/\/anerplast.com\/?s={search_term_string}"},"query-input":{"@type":"PropertyValueSpecification","valueRequired":true,"valueName":"search_term_string"}}],"inLanguage":"de"},{"@type":"Organization","@id":"https:\/\/anerplast.com\/#organization","name":"David","url":"https:\/\/anerplast.com\/","logo":{"@type":"ImageObject","inLanguage":"de","@id":"https:\/\/anerplast.com\/#\/schema\/logo\/image\/","url":"https:\/\/anerplast.com\/wp-content\/uploads\/2024\/10\/cropped-1.png","contentUrl":"https:\/\/anerplast.com\/wp-content\/uploads\/2024\/10\/cropped-1.png","width":1004,"height":440,"caption":"Davinder"},"image":{"@id":"https:\/\/anerplast.com\/#\/schema\/logo\/image\/"}}]}},"_links":{"self":[{"href":"https:\/\/anerplast.com\/de\/wp-json\/wp\/v2\/pages\/24","targetHints":{"allow":["GET"]}}],"collection":[{"href":"https:\/\/anerplast.com\/de\/wp-json\/wp\/v2\/pages"}],"about":[{"href":"https:\/\/anerplast.com\/de\/wp-json\/wp\/v2\/types\/page"}],"author":[{"embeddable":true,"href":"https:\/\/anerplast.com\/de\/wp-json\/wp\/v2\/users\/1"}],"replies":[{"embeddable":true,"href":"https:\/\/anerplast.com\/de\/wp-json\/wp\/v2\/comments?post=24"}],"version-history":[{"count":25,"href":"https:\/\/anerplast.com\/de\/wp-json\/wp\/v2\/pages\/24\/revisions"}],"predecessor-version":[{"id":1476,"href":"https:\/\/anerplast.com\/de\/wp-json\/wp\/v2\/pages\/24\/revisions\/1476"}],"wp:attachment":[{"href":"https:\/\/anerplast.com\/de\/wp-json\/wp\/v2\/media?parent=24"}],"curies":[{"name":"wp","href":"https:\/\/api.w.org\/{rel}","templated":true}]}}