{"id":21,"date":"2024-10-01T11:59:12","date_gmt":"2024-10-01T11:59:12","guid":{"rendered":"https:\/\/grupovivid.es\/politica-de-privacidad\/"},"modified":"2025-11-11T12:58:08","modified_gmt":"2025-11-11T11:58:08","slug":"politica-de-privacidad","status":"publish","type":"page","link":"https:\/\/anerplast.com\/de\/politica-de-privacidad\/","title":{"rendered":"Datenschutzrichtlinie"},"content":{"rendered":"<style>.elementor-21 .elementor-element.elementor-element-2fdfca12{--display:flex;--min-height:266px;--flex-direction:row;--container-widget-width:calc( ( 1 - var( --container-widget-flex-grow ) ) * 100% );--container-widget-height:100%;--container-widget-flex-grow:1;--container-widget-align-self:stretch;--flex-wrap-mobile:wrap;--align-items:stretch;--gap:10px 10px;--row-gap:10px;--column-gap:10px;--overlay-opacity:0.8;--padding-top:0em;--padding-bottom:0em;--padding-left:0em;--padding-right:0em;}.elementor-21 .elementor-element.elementor-element-2fdfca12:not(.elementor-motion-effects-element-type-background), .elementor-21 .elementor-element.elementor-element-2fdfca12 > .elementor-motion-effects-container > .elementor-motion-effects-layer{background-color:var( --e-global-color-primary );}.elementor-21 .elementor-element.elementor-element-2fdfca12::before, .elementor-21 .elementor-element.elementor-element-2fdfca12 > .elementor-background-video-container::before, .elementor-21 .elementor-element.elementor-element-2fdfca12 > .e-con-inner > .elementor-background-video-container::before, .elementor-21 .elementor-element.elementor-element-2fdfca12 > .elementor-background-slideshow::before, .elementor-21 .elementor-element.elementor-element-2fdfca12 > .e-con-inner > .elementor-background-slideshow::before, .elementor-21 .elementor-element.elementor-element-2fdfca12 > .elementor-motion-effects-container > .elementor-motion-effects-layer::before{--background-overlay:'';}.elementor-21 .elementor-element.elementor-element-4b648af1{--display:flex;--flex-direction:row;--container-widget-width:calc( ( 1 - var( --container-widget-flex-grow ) ) * 100% );--container-widget-height:100%;--container-widget-flex-grow:1;--container-widget-align-self:stretch;--flex-wrap-mobile:wrap;--justify-content:space-between;--align-items:center;--flex-wrap:wrap;--padding-top:7em;--padding-bottom:7em;--padding-left:0em;--padding-right:0em;}.elementor-21 .elementor-element.elementor-element-6ed3a3bd{width:100%;max-width:100%;text-align:left;}.elementor-21 .elementor-element.elementor-element-6ed3a3bd .elementor-heading-title{color:#FFFFFF;}.elementor-21 .elementor-element.elementor-element-280cdf3c{--display:flex;--padding-top:4em;--padding-bottom:04em;--padding-left:2em;--padding-right:2em;}:root{--page-title-display:none;}@media(max-width:1024px){.elementor-21 .elementor-element.elementor-element-2fdfca12{--min-height:186px;--padding-top:0px;--padding-bottom:0px;--padding-left:30px;--padding-right:30px;}.elementor-21 .elementor-element.elementor-element-4b648af1{--padding-top:5em;--padding-bottom:5em;--padding-left:0em;--padding-right:0em;}}@media(max-width:767px){.elementor-21 .elementor-element.elementor-element-2fdfca12{--min-height:138px;--justify-content:center;--margin-top:0em;--margin-bottom:0em;--margin-left:0em;--margin-right:0em;--padding-top:0em;--padding-bottom:0em;--padding-left:0em;--padding-right:0em;}.elementor-21 .elementor-element.elementor-element-4b648af1{--flex-direction:column;--container-widget-width:100%;--container-widget-height:initial;--container-widget-flex-grow:0;--container-widget-align-self:initial;--flex-wrap-mobile:wrap;--justify-content:center;--padding-top:3em;--padding-bottom:3em;--padding-left:1em;--padding-right:1em;}.elementor-21 .elementor-element.elementor-element-6ed3a3bd{text-align:center;}}<\/style>\t\t<div data-elementor-type=\"wp-page\" data-elementor-id=\"21\" class=\"elementor elementor-21\" data-elementor-post-type=\"page\">\n\t\t\t\t<div class=\"elementor-element elementor-element-2fdfca12 e-flex e-con-boxed e-con e-parent\" data-id=\"2fdfca12\" data-element_type=\"container\" data-settings=\"{&quot;background_background&quot;:&quot;classic&quot;}\">\n\t\t\t\t\t<div class=\"e-con-inner\">\n\t\t<div class=\"elementor-element elementor-element-4b648af1 e-con-full e-flex e-con e-child\" data-id=\"4b648af1\" data-element_type=\"container\">\n\t\t\t\t<div class=\"elementor-element elementor-element-6ed3a3bd elementor-widget__width-inherit elementor-widget elementor-widget-heading\" data-id=\"6ed3a3bd\" data-element_type=\"widget\" data-widget_type=\"heading.default\">\n\t\t\t\t<div class=\"elementor-widget-container\">\n\t\t\t\t\t<h1 class=\"elementor-heading-title elementor-size-default\">Datenschutzrichtlinie<\/h1>\t\t\t\t<\/div>\n\t\t\t\t<\/div>\n\t\t\t\t<\/div>\n\t\t\t\t\t<\/div>\n\t\t\t\t<\/div>\n\t\t<div class=\"elementor-element elementor-element-280cdf3c e-flex e-con-boxed e-con e-parent\" data-id=\"280cdf3c\" data-element_type=\"container\">\n\t\t\t\t\t<div class=\"e-con-inner\">\n\t\t\t\t<div class=\"elementor-element elementor-element-3421e99b elementor-widget elementor-widget-text-editor\" data-id=\"3421e99b\" data-element_type=\"widget\" data-widget_type=\"text-editor.default\">\n\t\t\t\t<div class=\"elementor-widget-container\">\n\t\t\t\t\t\t\t\t\t<h2>1.- INFORMATIONEN F\u00dcR DEN BENUTZER<\/h2>\n<p>Die Website informiert Website-Benutzer \u00fcber ihre Richtlinien bez\u00fcglich der Behandlung und des Schutzes personenbezogener Daten von Benutzern und Kunden, die beim Surfen auf ihrer Website angefordert werden k\u00f6nnen. F\u00fcr die Verarbeitung der personenbezogenen Daten des Nutzers ist die Website verantwortlich, daher informieren wir Sie im Folgenden \u00fcber die Verarbeitung Ihrer Daten:&nbsp;<strong>Kriterien f\u00fcr die Datenaufbewahrung<\/strong>&nbsp;: Die bereitgestellten personenbezogenen Daten werden so lange aufbewahrt, bis der Betroffene die Aussetzung beantragt und seine Rechte an den Daten aus\u00fcbt, und in jedem Fall unter Einhaltung der geltenden gesetzlichen Verj\u00e4hrungsfristen.&nbsp;<strong>Rechte der Interessenten<\/strong>&nbsp;:<\/p>\n<ul>\n<li>Recht, Ihre Einwilligung jederzeit zu widerrufen.<\/li>\n<li>Recht auf Zugriff, Berichtigung, L\u00f6schung, \u00dcbertragbarkeit Ihrer Daten und Einschr\u00e4nkung oder Widerspruch gegen deren Verarbeitung sowie das Recht, nicht automatisierten Einzelentscheidungen zu unterliegen.<\/li>\n<\/ul>\n<p><strong>Kontaktinformationen zur Aus\u00fcbung Ihrer Rechte<\/strong> : Das Recht auf Aus\u00fcbung muss ordnungsgem\u00e4\u00df gekennzeichnet und eindeutig beantragt werden.<\/p>\n<ul>\n<li>Unternehmen: ANERPLAST, SL<\/li>\n<li>Name: Ana Giralt Hern\u00e1ndez mit NIF B61164356<\/li>\n<li>Adresse: Carrer Duran i Reynals, 3<br>Postleitzahl und Einwohnerzahl: 08403 Granollers, Barcelona<b><br><\/b><\/li>\n<li>Telefon: <a href=\"http:\/\/tel:938496250\">938496250<\/a><\/li>\n<li>E-Mail: <a href=\"mailto:anerplast@hotmail.com\">anerplast@hotmail.com<\/a><\/li>\n<\/ul>\n<h2>2.- VOM BENUTZER BEREITGESTELLTE INFORMATIONEN<\/h2>\n<p>Wenn Sie unter 18 Jahre alt sind, ist die Nutzung von Formularen auf unserer Website nicht gestattet.<\/p>\n<p>Durch die Eingabe ihrer Daten in die Kontaktformulare oder in Download-Formularen akzeptieren die Nutzer ausdr\u00fccklich, freiwillig und unmissverst\u00e4ndlich, dass ihre Daten f\u00fcr die Beantwortung ihrer Anfrage durch den Verantwortlichen erforderlich sind, wobei die Angabe der Daten in den \u00fcbrigen Feldern freiwillig ist.<\/p>\n<p>Der Nutzer garantiert, dass die angegebenen personenbezogenen Daten der Wahrheit entsprechen und ist f\u00fcr die Mitteilung etwaiger \u00c4nderungen verantwortlich.<\/p>\n<p>Alle \u00fcber die Website angeforderten Daten sind notwendig, um dem Nutzer einen optimalen Service zu bieten. Werden nicht alle Daten bereitgestellt, kann nicht gew\u00e4hrleistet werden, dass die vom Verantwortlichen angebotenen Informationen und Dienstleistungen vollst\u00e4ndig auf die Bed\u00fcrfnisse des Nutzers zugeschnitten sind.<\/p>\n<h2>3.- SICHERHEITSMASSNAHMEN<\/h2>\n<p>Dass der Verantwortliche gem\u00e4\u00df den Bestimmungen der geltenden Vorschriften zum Schutz personenbezogener Daten alle Bestimmungen der RGPD- und LOPD-Vorschriften f\u00fcr die Verarbeitung personenbezogener Daten in seinem Verantwortungsbereich einh\u00e4lt, die rechtm\u00e4\u00dfig, loyal und transparent verarbeitet werden Bezug auf die betroffene Partei und angemessen, relevant und auf das f\u00fcr die Zwecke, f\u00fcr die sie verarbeitet werden, Notwendige beschr\u00e4nkt.<\/p>\n<p>Der Verantwortliche garantiert, dass er geeignete technische und organisatorische Richtlinien implementiert hat, um die von der RGPD und der LOPD festgelegten Sicherheitsma\u00dfnahmen zum Schutz der Rechte und Freiheiten der Benutzer anzuwenden, und ihnen entsprechende Informationen mitgeteilt hat, damit sie diese aus\u00fcben k\u00f6nnen.<\/p>\n<h2>4.- SICHERHEITSL\u00dcCKEN<\/h2>\n<p>Der Verantwortliche wird jede Sicherheitsverletzung, die sich auf die von dieser Website verwendete Datenbank oder auf unsere Drittanbieterdienste, jede einzelne Person, m\u00f6glicherweise betroffene Daten und Beh\u00f6rden auswirkt, innerhalb von 72 Stunden nach Feststellung der Verletzung melden.<\/p>\n<h2>5.-ANWENDBARES RECHT UND GERICHTSSTAND<\/h2>\n<p>F\u00fcr die L\u00f6sung aller Streitigkeiten oder Probleme im Zusammenhang mit dieser Website oder den durchgef\u00fchrten Aktivit\u00e4ten gilt die spanische Gesetzgebung, der sich die Parteien ausdr\u00fccklich unterwerfen, wobei sie f\u00fcr die L\u00f6sung aller Konflikte zust\u00e4ndig sind, die sich aus oder im Zusammenhang mit der Nutzung der Gerichte und Tribunale von Barcelona ergeben.<\/p>\t\t\t\t\t\t\t\t<\/div>\n\t\t\t\t<\/div>\n\t\t\t\t\t<\/div>\n\t\t\t\t<\/div>\n\t\t\t\t<\/div>","protected":false},"excerpt":{"rendered":"<p>1.- BENUTZERINFORMATIONEN Die Website informiert die Benutzer \u00fcber ihre Richtlinien bez\u00fcglich der Verarbeitung und des Schutzes personenbezogener Daten von Benutzern und Kunden, die beim Surfen auf ihrer Website angefordert werden k\u00f6nnen. Die Website ist der Datenverantwortliche von [\u2026]<\/p>","protected":false},"author":1,"featured_media":0,"parent":0,"menu_order":0,"comment_status":"closed","ping_status":"closed","template":"","meta":{"footnotes":""},"class_list":["post-21","page","type-page","status-publish","hentry"],"yoast_head":"<!-- This site is optimized with the Yoast SEO plugin v26.2 - https:\/\/yoast.com\/wordpress\/plugins\/seo\/ -->\n<title>Pol\u00edtica de privacidad - Anerplast<\/title>\n<meta name=\"robots\" content=\"index, follow, max-snippet:-1, max-image-preview:large, max-video-preview:-1\" \/>\n<link rel=\"canonical\" href=\"https:\/\/anerplast.com\/de\/politica-de-privacidad\/\" \/>\n<meta property=\"og:locale\" content=\"de_DE\" \/>\n<meta property=\"og:type\" content=\"article\" \/>\n<meta property=\"og:title\" content=\"Pol\u00edtica de privacidad - Anerplast\" \/>\n<meta property=\"og:description\" content=\"1.- INFORMACI\u00d3N AL USUARIO El sitio web informa a los usuarios del sitio web sobre su pol\u00edtica respecto al tratamiento y protecci\u00f3n de los datos de car\u00e1cter personal de los usuarios y clientes que puedan ser solicitados por la navegaci\u00f3n a trav\u00e9s de su sitio web. El sitio web es el Responsable del tratamiento de [&hellip;]\" \/>\n<meta property=\"og:url\" content=\"https:\/\/anerplast.com\/de\/politica-de-privacidad\/\" \/>\n<meta property=\"og:site_name\" content=\"Anerplast\" \/>\n<meta property=\"article:modified_time\" content=\"2025-11-11T11:58:08+00:00\" \/>\n<meta name=\"twitter:card\" content=\"summary_large_image\" \/>\n<meta name=\"twitter:label1\" content=\"Gesch\u00e4tzte Lesezeit\" \/>\n\t<meta name=\"twitter:data1\" content=\"3\u00a0Minuten\" \/>\n<script type=\"application\/ld+json\" class=\"yoast-schema-graph\">{\"@context\":\"https:\/\/schema.org\",\"@graph\":[{\"@type\":\"WebPage\",\"@id\":\"https:\/\/anerplast.com\/politica-de-privacidad\/\",\"url\":\"https:\/\/anerplast.com\/politica-de-privacidad\/\",\"name\":\"Pol\u00edtica de privacidad - Anerplast\",\"isPartOf\":{\"@id\":\"https:\/\/anerplast.com\/#website\"},\"datePublished\":\"2024-10-01T11:59:12+00:00\",\"dateModified\":\"2025-11-11T11:58:08+00:00\",\"breadcrumb\":{\"@id\":\"https:\/\/anerplast.com\/politica-de-privacidad\/#breadcrumb\"},\"inLanguage\":\"de\",\"potentialAction\":[{\"@type\":\"ReadAction\",\"target\":[\"https:\/\/anerplast.com\/politica-de-privacidad\/\"]}]},{\"@type\":\"BreadcrumbList\",\"@id\":\"https:\/\/anerplast.com\/politica-de-privacidad\/#breadcrumb\",\"itemListElement\":[{\"@type\":\"ListItem\",\"position\":1,\"name\":\"Portada\",\"item\":\"https:\/\/anerplast.com\/\"},{\"@type\":\"ListItem\",\"position\":2,\"name\":\"Pol\u00edtica de privacidad\"}]},{\"@type\":\"WebSite\",\"@id\":\"https:\/\/anerplast.com\/#website\",\"url\":\"https:\/\/anerplast.com\/\",\"name\":\"Davinder\",\"description\":\"\",\"publisher\":{\"@id\":\"https:\/\/anerplast.com\/#organization\"},\"potentialAction\":[{\"@type\":\"SearchAction\",\"target\":{\"@type\":\"EntryPoint\",\"urlTemplate\":\"https:\/\/anerplast.com\/?s={search_term_string}\"},\"query-input\":{\"@type\":\"PropertyValueSpecification\",\"valueRequired\":true,\"valueName\":\"search_term_string\"}}],\"inLanguage\":\"de\"},{\"@type\":\"Organization\",\"@id\":\"https:\/\/anerplast.com\/#organization\",\"name\":\"Davinder\",\"url\":\"https:\/\/anerplast.com\/\",\"logo\":{\"@type\":\"ImageObject\",\"inLanguage\":\"de\",\"@id\":\"https:\/\/anerplast.com\/#\/schema\/logo\/image\/\",\"url\":\"https:\/\/anerplast.com\/wp-content\/uploads\/2024\/10\/cropped-1.png\",\"contentUrl\":\"https:\/\/anerplast.com\/wp-content\/uploads\/2024\/10\/cropped-1.png\",\"width\":1004,\"height\":440,\"caption\":\"Davinder\"},\"image\":{\"@id\":\"https:\/\/anerplast.com\/#\/schema\/logo\/image\/\"}}]}<\/script>\n<!-- \/ Yoast SEO plugin. -->","yoast_head_json":{"title":"Pol\u00edtica de privacidad - Anerplast","robots":{"index":"index","follow":"follow","max-snippet":"max-snippet:-1","max-image-preview":"max-image-preview:large","max-video-preview":"max-video-preview:-1"},"canonical":"https:\/\/anerplast.com\/de\/politica-de-privacidad\/","og_locale":"de_DE","og_type":"article","og_title":"Pol\u00edtica de privacidad - Anerplast","og_description":"1.- INFORMACI\u00d3N AL USUARIO El sitio web informa a los usuarios del sitio web sobre su pol\u00edtica respecto al tratamiento y protecci\u00f3n de los datos de car\u00e1cter personal de los usuarios y clientes que puedan ser solicitados por la navegaci\u00f3n a trav\u00e9s de su sitio web. El sitio web es el Responsable del tratamiento de [&hellip;]","og_url":"https:\/\/anerplast.com\/de\/politica-de-privacidad\/","og_site_name":"Anerplast","article_modified_time":"2025-11-11T11:58:08+00:00","twitter_card":"summary_large_image","twitter_misc":{"Gesch\u00e4tzte Lesezeit":"3\u00a0Minuten"},"schema":{"@context":"https:\/\/schema.org","@graph":[{"@type":"WebPage","@id":"https:\/\/anerplast.com\/politica-de-privacidad\/","url":"https:\/\/anerplast.com\/politica-de-privacidad\/","name":"Pol\u00edtica de privacidad - Anerplast","isPartOf":{"@id":"https:\/\/anerplast.com\/#website"},"datePublished":"2024-10-01T11:59:12+00:00","dateModified":"2025-11-11T11:58:08+00:00","breadcrumb":{"@id":"https:\/\/anerplast.com\/politica-de-privacidad\/#breadcrumb"},"inLanguage":"de","potentialAction":[{"@type":"ReadAction","target":["https:\/\/anerplast.com\/politica-de-privacidad\/"]}]},{"@type":"BreadcrumbList","@id":"https:\/\/anerplast.com\/politica-de-privacidad\/#breadcrumb","itemListElement":[{"@type":"ListItem","position":1,"name":"Portada","item":"https:\/\/anerplast.com\/"},{"@type":"ListItem","position":2,"name":"Pol\u00edtica de privacidad"}]},{"@type":"WebSite","@id":"https:\/\/anerplast.com\/#website","url":"https:\/\/anerplast.com\/","name":"David","description":"","publisher":{"@id":"https:\/\/anerplast.com\/#organization"},"potentialAction":[{"@type":"SearchAction","target":{"@type":"EntryPoint","urlTemplate":"https:\/\/anerplast.com\/?s={search_term_string}"},"query-input":{"@type":"PropertyValueSpecification","valueRequired":true,"valueName":"search_term_string"}}],"inLanguage":"de"},{"@type":"Organization","@id":"https:\/\/anerplast.com\/#organization","name":"David","url":"https:\/\/anerplast.com\/","logo":{"@type":"ImageObject","inLanguage":"de","@id":"https:\/\/anerplast.com\/#\/schema\/logo\/image\/","url":"https:\/\/anerplast.com\/wp-content\/uploads\/2024\/10\/cropped-1.png","contentUrl":"https:\/\/anerplast.com\/wp-content\/uploads\/2024\/10\/cropped-1.png","width":1004,"height":440,"caption":"Davinder"},"image":{"@id":"https:\/\/anerplast.com\/#\/schema\/logo\/image\/"}}]}},"_links":{"self":[{"href":"https:\/\/anerplast.com\/de\/wp-json\/wp\/v2\/pages\/21","targetHints":{"allow":["GET"]}}],"collection":[{"href":"https:\/\/anerplast.com\/de\/wp-json\/wp\/v2\/pages"}],"about":[{"href":"https:\/\/anerplast.com\/de\/wp-json\/wp\/v2\/types\/page"}],"author":[{"embeddable":true,"href":"https:\/\/anerplast.com\/de\/wp-json\/wp\/v2\/users\/1"}],"replies":[{"embeddable":true,"href":"https:\/\/anerplast.com\/de\/wp-json\/wp\/v2\/comments?post=21"}],"version-history":[{"count":16,"href":"https:\/\/anerplast.com\/de\/wp-json\/wp\/v2\/pages\/21\/revisions"}],"predecessor-version":[{"id":1479,"href":"https:\/\/anerplast.com\/de\/wp-json\/wp\/v2\/pages\/21\/revisions\/1479"}],"wp:attachment":[{"href":"https:\/\/anerplast.com\/de\/wp-json\/wp\/v2\/media?parent=21"}],"curies":[{"name":"wp","href":"https:\/\/api.w.org\/{rel}","templated":true}]}}